{"id":852,"date":"2021-08-05T10:07:44","date_gmt":"2021-08-05T07:07:44","guid":{"rendered":"http:\/\/trendbetoon.eu\/trend\/?post_type=product&#038;p=852"},"modified":"2026-04-13T16:15:42","modified_gmt":"2026-04-13T13:15:42","slug":"laud-3","status":"publish","type":"product","link":"https:\/\/trendbetoon.eu\/ru\/toode\/laud-3\/","title":{"rendered":"Laud 3"},"content":{"rendered":"<p>Betoonist laud, v\u00f5imalik teha jalaosa pesubetooniga.<\/p>\n<p>V\u00e4imalik valida v\u00e4rvitoone!<\/p>","protected":false},"excerpt":{"rendered":"<p>Betoonist laud, v\u00f5imalik teha jalaosa pesubetooniga. V\u00e4imalik valida v\u00e4rvitoone!<\/p>\n","protected":false},"featured_media":857,"comment_status":"closed","ping_status":"closed","template":"","meta":[],"product_cat":[58],"product_tag":[],"class_list":{"0":"post-852","1":"product","2":"type-product","3":"status-publish","4":"has-post-thumbnail","6":"product_cat-lauad-ja-pingid","8":"first","9":"onbackorder","10":"taxable","11":"shipping-taxable","12":"product-type-simple"},"yoast_head":"<!-- This site is optimized with the Yoast SEO plugin v23.6 - https:\/\/yoast.com\/wordpress\/plugins\/seo\/ -->\n<title>Laud 3 | Trendbetoon<\/title>\n<meta name=\"robots\" content=\"index, follow, max-snippet:-1, max-image-preview:large, max-video-preview:-1\" \/>\n<link rel=\"canonical\" href=\"https:\/\/trendbetoon.eu\/ru\/toode\/laud-3\/\" \/>\n<meta property=\"og:locale\" content=\"ru_RU\" \/>\n<meta property=\"og:type\" content=\"article\" \/>\n<meta property=\"og:title\" content=\"Laud 3 | Trendbetoon\" \/>\n<meta property=\"og:description\" content=\"Betoonist laud, v\u00f5imalik teha jalaosa pesubetooniga. V\u00e4imalik valida v\u00e4rvitoone!\" \/>\n<meta property=\"og:url\" content=\"https:\/\/trendbetoon.eu\/ru\/toode\/laud-3\/\" \/>\n<meta property=\"og:site_name\" content=\"Trendbetoon\" \/>\n<meta property=\"article:modified_time\" content=\"2026-04-13T13:15:42+00:00\" \/>\n<meta property=\"og:image\" content=\"https:\/\/trendbetoon.eu\/wp-content\/uploads\/2021\/08\/Laud-32.jpg\" \/>\n\t<meta property=\"og:image:width\" content=\"936\" \/>\n\t<meta property=\"og:image:height\" content=\"626\" \/>\n\t<meta property=\"og:image:type\" content=\"image\/jpeg\" \/>\n<meta name=\"twitter:card\" content=\"summary_large_image\" \/>\n<meta name=\"twitter:label1\" content=\"\u041f\u0440\u0438\u043c\u0435\u0440\u043d\u043e\u0435 \u0432\u0440\u0435\u043c\u044f \u0434\u043b\u044f \u0447\u0442\u0435\u043d\u0438\u044f\" \/>\n\t<meta name=\"twitter:data1\" content=\"1 \u043c\u0438\u043d\u0443\u0442\u0430\" \/>\n<script type=\"application\/ld+json\" class=\"yoast-schema-graph\">{\"@context\":\"https:\/\/schema.org\",\"@graph\":[{\"@type\":\"WebPage\",\"@id\":\"https:\/\/trendbetoon.eu\/ru\/toode\/laud-3\/\",\"url\":\"https:\/\/trendbetoon.eu\/ru\/toode\/laud-3\/\",\"name\":\"Laud 3 | Trendbetoon\",\"isPartOf\":{\"@id\":\"https:\/\/trendbetoon.eu\/ru\/#website\"},\"primaryImageOfPage\":{\"@id\":\"https:\/\/trendbetoon.eu\/ru\/toode\/laud-3\/#primaryimage\"},\"image\":{\"@id\":\"https:\/\/trendbetoon.eu\/toode\/laud-3\/#primaryimage\"},\"thumbnailUrl\":\"https:\/\/trendbetoon.eu\/wp-content\/uploads\/2021\/08\/Laud-32.jpg\",\"datePublished\":\"2021-08-05T07:07:44+00:00\",\"dateModified\":\"2026-04-13T13:15:42+00:00\",\"breadcrumb\":{\"@id\":\"https:\/\/trendbetoon.eu\/ru\/toode\/laud-3\/#breadcrumb\"},\"inLanguage\":\"ru-RU\",\"potentialAction\":[{\"@type\":\"ReadAction\",\"target\":[[\"https:\/\/trendbetoon.eu\/ru\/toode\/laud-3\/\"]]}]},{\"@type\":\"ImageObject\",\"inLanguage\":\"ru-RU\",\"@id\":\"https:\/\/trendbetoon.eu\/ru\/toode\/laud-3\/#primaryimage\",\"url\":\"https:\/\/trendbetoon.eu\/wp-content\/uploads\/2021\/08\/Laud-32.jpg\",\"contentUrl\":\"https:\/\/trendbetoon.eu\/wp-content\/uploads\/2021\/08\/Laud-32.jpg\",\"width\":936,\"height\":626},{\"@type\":\"BreadcrumbList\",\"@id\":\"https:\/\/trendbetoon.eu\/ru\/toode\/laud-3\/#breadcrumb\",\"itemListElement\":[{\"@type\":\"ListItem\",\"position\":1,\"name\":\"Home\",\"item\":\"https:\/\/trendbetoon.eu\/ru\/\"},{\"@type\":\"ListItem\",\"position\":2,\"name\":\"Tooted\",\"item\":\"https:\/\/trendbetoon.eu\/ru\/tooted\/\"},{\"@type\":\"ListItem\",\"position\":3,\"name\":\"Laud 3\"}]},{\"@type\":\"WebSite\",\"@id\":\"https:\/\/trendbetoon.eu\/ru\/#website\",\"url\":\"https:\/\/trendbetoon.eu\/ru\/\",\"name\":\"Trendbetoon\",\"description\":\"\",\"publisher\":{\"@id\":\"https:\/\/trendbetoon.eu\/ru\/#organization\"},\"potentialAction\":[{\"@type\":\"SearchAction\",\"target\":{\"@type\":\"EntryPoint\",\"urlTemplate\":\"https:\/\/trendbetoon.eu\/ru\/?s={search_term_string}\"},\"query-input\":{\"@type\":\"PropertyValueSpecification\",\"valueRequired\":true,\"valueName\":\"search_term_string\"}}],\"inLanguage\":\"ru-RU\"},{\"@type\":\"Organization\",\"@id\":\"https:\/\/trendbetoon.eu\/ru\/#organization\",\"name\":\"Trendbetoon\",\"url\":\"https:\/\/trendbetoon.eu\/ru\/\",\"logo\":{\"@type\":\"ImageObject\",\"inLanguage\":\"ru-RU\",\"@id\":\"https:\/\/trendbetoon.eu\/ru\/#\/schema\/logo\/image\/\",\"url\":\"https:\/\/trendbetoon.eu\/wp-content\/uploads\/2021\/07\/Trend_Logo_mobla.png\",\"contentUrl\":\"https:\/\/trendbetoon.eu\/wp-content\/uploads\/2021\/07\/Trend_Logo_mobla.png\",\"width\":302,\"height\":47,\"caption\":\"Trendbetoon\"},\"image\":{\"@id\":\"https:\/\/trendbetoon.eu\/ru\/#\/schema\/logo\/image\/\"}}]}<\/script>\n<!-- \/ Yoast SEO plugin. -->","yoast_head_json":{"title":"Laud 3 | Trendbetoon","robots":{"index":"index","follow":"follow","max-snippet":"max-snippet:-1","max-image-preview":"max-image-preview:large","max-video-preview":"max-video-preview:-1"},"canonical":"https:\/\/trendbetoon.eu\/ru\/toode\/laud-3\/","og_locale":"ru_RU","og_type":"article","og_title":"Laud 3 | Trendbetoon","og_description":"Betoonist laud, v\u00f5imalik teha jalaosa pesubetooniga. V\u00e4imalik valida v\u00e4rvitoone!","og_url":"https:\/\/trendbetoon.eu\/ru\/toode\/laud-3\/","og_site_name":"Trendbetoon","article_modified_time":"2026-04-13T13:15:42+00:00","og_image":[{"width":936,"height":626,"url":"https:\/\/trendbetoon.eu\/wp-content\/uploads\/2021\/08\/Laud-32.jpg","type":"image\/jpeg"}],"twitter_card":"summary_large_image","twitter_misc":{"\u041f\u0440\u0438\u043c\u0435\u0440\u043d\u043e\u0435 \u0432\u0440\u0435\u043c\u044f \u0434\u043b\u044f \u0447\u0442\u0435\u043d\u0438\u044f":"1 \u043c\u0438\u043d\u0443\u0442\u0430"},"schema":{"@context":"https:\/\/schema.org","@graph":[{"@type":"WebPage","@id":"https:\/\/trendbetoon.eu\/ru\/toode\/laud-3\/","url":"https:\/\/trendbetoon.eu\/ru\/toode\/laud-3\/","name":"Laud 3 | Trendbetoon","isPartOf":{"@id":"https:\/\/trendbetoon.eu\/ru\/#website"},"primaryImageOfPage":{"@id":"https:\/\/trendbetoon.eu\/ru\/toode\/laud-3\/#primaryimage"},"image":{"@id":"https:\/\/trendbetoon.eu\/toode\/laud-3\/#primaryimage"},"thumbnailUrl":"https:\/\/trendbetoon.eu\/wp-content\/uploads\/2021\/08\/Laud-32.jpg","datePublished":"2021-08-05T07:07:44+00:00","dateModified":"2026-04-13T13:15:42+00:00","breadcrumb":{"@id":"https:\/\/trendbetoon.eu\/ru\/toode\/laud-3\/#breadcrumb"},"inLanguage":"ru-RU","potentialAction":[{"@type":"ReadAction","target":[["https:\/\/trendbetoon.eu\/ru\/toode\/laud-3\/"]]}]},{"@type":"ImageObject","inLanguage":"ru-RU","@id":"https:\/\/trendbetoon.eu\/ru\/toode\/laud-3\/#primaryimage","url":"https:\/\/trendbetoon.eu\/wp-content\/uploads\/2021\/08\/Laud-32.jpg","contentUrl":"https:\/\/trendbetoon.eu\/wp-content\/uploads\/2021\/08\/Laud-32.jpg","width":936,"height":626},{"@type":"BreadcrumbList","@id":"https:\/\/trendbetoon.eu\/ru\/toode\/laud-3\/#breadcrumb","itemListElement":[{"@type":"ListItem","position":1,"name":"Home","item":"https:\/\/trendbetoon.eu\/ru\/"},{"@type":"ListItem","position":2,"name":"Tooted","item":"https:\/\/trendbetoon.eu\/ru\/tooted\/"},{"@type":"ListItem","position":3,"name":"Laud 3"}]},{"@type":"WebSite","@id":"https:\/\/trendbetoon.eu\/ru\/#website","url":"https:\/\/trendbetoon.eu\/ru\/","name":"Trendbetoon","description":"","publisher":{"@id":"https:\/\/trendbetoon.eu\/ru\/#organization"},"potentialAction":[{"@type":"SearchAction","target":{"@type":"EntryPoint","urlTemplate":"https:\/\/trendbetoon.eu\/ru\/?s={search_term_string}"},"query-input":{"@type":"PropertyValueSpecification","valueRequired":true,"valueName":"search_term_string"}}],"inLanguage":"ru-RU"},{"@type":"Organization","@id":"https:\/\/trendbetoon.eu\/ru\/#organization","name":"Trendbetoon","url":"https:\/\/trendbetoon.eu\/ru\/","logo":{"@type":"ImageObject","inLanguage":"ru-RU","@id":"https:\/\/trendbetoon.eu\/ru\/#\/schema\/logo\/image\/","url":"https:\/\/trendbetoon.eu\/wp-content\/uploads\/2021\/07\/Trend_Logo_mobla.png","contentUrl":"https:\/\/trendbetoon.eu\/wp-content\/uploads\/2021\/07\/Trend_Logo_mobla.png","width":302,"height":47,"caption":"Trendbetoon"},"image":{"@id":"https:\/\/trendbetoon.eu\/ru\/#\/schema\/logo\/image\/"}}]}},"_links":{"self":[{"href":"https:\/\/trendbetoon.eu\/ru\/wp-json\/wp\/v2\/product\/852"}],"collection":[{"href":"https:\/\/trendbetoon.eu\/ru\/wp-json\/wp\/v2\/product"}],"about":[{"href":"https:\/\/trendbetoon.eu\/ru\/wp-json\/wp\/v2\/types\/product"}],"replies":[{"embeddable":true,"href":"https:\/\/trendbetoon.eu\/ru\/wp-json\/wp\/v2\/comments?post=852"}],"wp:featuredmedia":[{"embeddable":true,"href":"https:\/\/trendbetoon.eu\/ru\/wp-json\/wp\/v2\/media\/857"}],"wp:attachment":[{"href":"https:\/\/trendbetoon.eu\/ru\/wp-json\/wp\/v2\/media?parent=852"}],"wp:term":[{"taxonomy":"product_cat","embeddable":true,"href":"https:\/\/trendbetoon.eu\/ru\/wp-json\/wp\/v2\/product_cat?post=852"},{"taxonomy":"product_tag","embeddable":true,"href":"https:\/\/trendbetoon.eu\/ru\/wp-json\/wp\/v2\/product_tag?post=852"}],"curies":[{"name":"wp","href":"https:\/\/api.w.org\/{rel}","templated":true}]}}