{"id":747,"date":"2021-08-04T11:24:47","date_gmt":"2021-08-04T08:24:47","guid":{"rendered":"http:\/\/trendbetoon.eu\/trend\/?post_type=product&#038;p=747"},"modified":"2026-04-13T16:32:01","modified_gmt":"2026-04-13T13:32:01","slug":"postimoodul-300x300x100mm","status":"publish","type":"product","link":"https:\/\/trendbetoon.eu\/ru\/toode\/postimoodul-300x300x100mm\/","title":{"rendered":"Postimoodul 300x300x100mm"},"content":{"rendered":"<p>Postimoodul m\u00f5\u00f5dus 300x300x100mm. Valmistada saab erineva k\u00f5rgusega aiaposte. Eelnevalt valmistatud vundamenti kinnitada armatuurvardad ning laduda moodulid kiviliimiga kinnitades sobiliku k\u00f5rguseni. Peale liimi tahenemist soovitame postid t\u00e4ita betooniga. Katteks peale kindlasti panna postim\u00fcts v\u00f5i postiplaat.<\/p>","protected":false},"excerpt":{"rendered":"<p>Postimoodul m\u00f5\u00f5dus 300x300x100mm. Valmistada saab erineva k\u00f5rgusega aiaposte. Eelnevalt valmistatud vundamenti kinnitada armatuurvardad ning laduda moodulid kiviliimiga kinnitades sobiliku k\u00f5rguseni.<\/p>\n","protected":false},"featured_media":751,"comment_status":"closed","ping_status":"closed","template":"","meta":[],"product_cat":[83],"product_tag":[],"class_list":{"0":"post-747","1":"product","2":"type-product","3":"status-publish","4":"has-post-thumbnail","6":"product_cat-aiapostid","8":"first","9":"onbackorder","10":"taxable","11":"shipping-taxable","12":"product-type-variable"},"yoast_head":"<!-- This site is optimized with the Yoast SEO plugin v23.6 - https:\/\/yoast.com\/wordpress\/plugins\/seo\/ -->\n<title>Postimoodul 300x300x100mm | Trendbetoon<\/title>\n<meta name=\"robots\" content=\"index, follow, max-snippet:-1, max-image-preview:large, max-video-preview:-1\" \/>\n<link rel=\"canonical\" href=\"https:\/\/trendbetoon.eu\/ru\/toode\/postimoodul-300x300x100mm\/\" \/>\n<meta property=\"og:locale\" content=\"ru_RU\" \/>\n<meta property=\"og:type\" content=\"article\" \/>\n<meta property=\"og:title\" content=\"Postimoodul 300x300x100mm | Trendbetoon\" \/>\n<meta property=\"og:description\" content=\"Postimoodul m\u00f5\u00f5dus 300x300x100mm. Valmistada saab erineva k\u00f5rgusega aiaposte. Eelnevalt valmistatud vundamenti kinnitada armatuurvardad ning laduda moodulid kiviliimiga kinnitades sobiliku k\u00f5rguseni.\" \/>\n<meta property=\"og:url\" content=\"https:\/\/trendbetoon.eu\/ru\/toode\/postimoodul-300x300x100mm\/\" \/>\n<meta property=\"og:site_name\" content=\"Trendbetoon\" \/>\n<meta property=\"article:modified_time\" content=\"2026-04-13T13:32:01+00:00\" \/>\n<meta property=\"og:image\" content=\"https:\/\/trendbetoon.eu\/wp-content\/uploads\/2021\/08\/postimoodulid_300x300_ruut_thumb.jpg\" \/>\n\t<meta property=\"og:image:width\" content=\"300\" \/>\n\t<meta property=\"og:image:height\" content=\"300\" \/>\n\t<meta property=\"og:image:type\" content=\"image\/jpeg\" \/>\n<meta name=\"twitter:card\" content=\"summary_large_image\" \/>\n<meta name=\"twitter:label1\" content=\"\u041f\u0440\u0438\u043c\u0435\u0440\u043d\u043e\u0435 \u0432\u0440\u0435\u043c\u044f \u0434\u043b\u044f \u0447\u0442\u0435\u043d\u0438\u044f\" \/>\n\t<meta name=\"twitter:data1\" content=\"1 \u043c\u0438\u043d\u0443\u0442\u0430\" \/>\n<script type=\"application\/ld+json\" class=\"yoast-schema-graph\">{\"@context\":\"https:\/\/schema.org\",\"@graph\":[{\"@type\":\"WebPage\",\"@id\":\"https:\/\/trendbetoon.eu\/ru\/toode\/postimoodul-300x300x100mm\/\",\"url\":\"https:\/\/trendbetoon.eu\/ru\/toode\/postimoodul-300x300x100mm\/\",\"name\":\"Postimoodul 300x300x100mm | Trendbetoon\",\"isPartOf\":{\"@id\":\"https:\/\/trendbetoon.eu\/ru\/#website\"},\"primaryImageOfPage\":{\"@id\":\"https:\/\/trendbetoon.eu\/ru\/toode\/postimoodul-300x300x100mm\/#primaryimage\"},\"image\":{\"@id\":\"https:\/\/trendbetoon.eu\/toode\/postimoodul-300x300x100mm\/#primaryimage\"},\"thumbnailUrl\":\"https:\/\/trendbetoon.eu\/wp-content\/uploads\/2021\/08\/postimoodulid_300x300_ruut_thumb.jpg\",\"datePublished\":\"2021-08-04T08:24:47+00:00\",\"dateModified\":\"2026-04-13T13:32:01+00:00\",\"breadcrumb\":{\"@id\":\"https:\/\/trendbetoon.eu\/ru\/toode\/postimoodul-300x300x100mm\/#breadcrumb\"},\"inLanguage\":\"ru-RU\",\"potentialAction\":[{\"@type\":\"ReadAction\",\"target\":[[\"https:\/\/trendbetoon.eu\/ru\/toode\/postimoodul-300x300x100mm\/\"]]}]},{\"@type\":\"ImageObject\",\"inLanguage\":\"ru-RU\",\"@id\":\"https:\/\/trendbetoon.eu\/ru\/toode\/postimoodul-300x300x100mm\/#primaryimage\",\"url\":\"https:\/\/trendbetoon.eu\/wp-content\/uploads\/2021\/08\/postimoodulid_300x300_ruut_thumb.jpg\",\"contentUrl\":\"https:\/\/trendbetoon.eu\/wp-content\/uploads\/2021\/08\/postimoodulid_300x300_ruut_thumb.jpg\",\"width\":300,\"height\":300},{\"@type\":\"BreadcrumbList\",\"@id\":\"https:\/\/trendbetoon.eu\/ru\/toode\/postimoodul-300x300x100mm\/#breadcrumb\",\"itemListElement\":[{\"@type\":\"ListItem\",\"position\":1,\"name\":\"Home\",\"item\":\"https:\/\/trendbetoon.eu\/ru\/\"},{\"@type\":\"ListItem\",\"position\":2,\"name\":\"Tooted\",\"item\":\"https:\/\/trendbetoon.eu\/ru\/tooted\/\"},{\"@type\":\"ListItem\",\"position\":3,\"name\":\"Postimoodul 300 x 300 x 100 mm\"}]},{\"@type\":\"WebSite\",\"@id\":\"https:\/\/trendbetoon.eu\/ru\/#website\",\"url\":\"https:\/\/trendbetoon.eu\/ru\/\",\"name\":\"Trendbetoon\",\"description\":\"\",\"publisher\":{\"@id\":\"https:\/\/trendbetoon.eu\/ru\/#organization\"},\"potentialAction\":[{\"@type\":\"SearchAction\",\"target\":{\"@type\":\"EntryPoint\",\"urlTemplate\":\"https:\/\/trendbetoon.eu\/ru\/?s={search_term_string}\"},\"query-input\":{\"@type\":\"PropertyValueSpecification\",\"valueRequired\":true,\"valueName\":\"search_term_string\"}}],\"inLanguage\":\"ru-RU\"},{\"@type\":\"Organization\",\"@id\":\"https:\/\/trendbetoon.eu\/ru\/#organization\",\"name\":\"Trendbetoon\",\"url\":\"https:\/\/trendbetoon.eu\/ru\/\",\"logo\":{\"@type\":\"ImageObject\",\"inLanguage\":\"ru-RU\",\"@id\":\"https:\/\/trendbetoon.eu\/ru\/#\/schema\/logo\/image\/\",\"url\":\"https:\/\/trendbetoon.eu\/wp-content\/uploads\/2021\/07\/Trend_Logo_mobla.png\",\"contentUrl\":\"https:\/\/trendbetoon.eu\/wp-content\/uploads\/2021\/07\/Trend_Logo_mobla.png\",\"width\":302,\"height\":47,\"caption\":\"Trendbetoon\"},\"image\":{\"@id\":\"https:\/\/trendbetoon.eu\/ru\/#\/schema\/logo\/image\/\"}}]}<\/script>\n<!-- \/ Yoast SEO plugin. -->","yoast_head_json":{"title":"Postimoodul 300x300x100mm | Trendbetoon","robots":{"index":"index","follow":"follow","max-snippet":"max-snippet:-1","max-image-preview":"max-image-preview:large","max-video-preview":"max-video-preview:-1"},"canonical":"https:\/\/trendbetoon.eu\/ru\/toode\/postimoodul-300x300x100mm\/","og_locale":"ru_RU","og_type":"article","og_title":"Postimoodul 300x300x100mm | Trendbetoon","og_description":"Postimoodul m\u00f5\u00f5dus 300x300x100mm. Valmistada saab erineva k\u00f5rgusega aiaposte. Eelnevalt valmistatud vundamenti kinnitada armatuurvardad ning laduda moodulid kiviliimiga kinnitades sobiliku k\u00f5rguseni.","og_url":"https:\/\/trendbetoon.eu\/ru\/toode\/postimoodul-300x300x100mm\/","og_site_name":"Trendbetoon","article_modified_time":"2026-04-13T13:32:01+00:00","og_image":[{"width":300,"height":300,"url":"https:\/\/trendbetoon.eu\/wp-content\/uploads\/2021\/08\/postimoodulid_300x300_ruut_thumb.jpg","type":"image\/jpeg"}],"twitter_card":"summary_large_image","twitter_misc":{"\u041f\u0440\u0438\u043c\u0435\u0440\u043d\u043e\u0435 \u0432\u0440\u0435\u043c\u044f \u0434\u043b\u044f \u0447\u0442\u0435\u043d\u0438\u044f":"1 \u043c\u0438\u043d\u0443\u0442\u0430"},"schema":{"@context":"https:\/\/schema.org","@graph":[{"@type":"WebPage","@id":"https:\/\/trendbetoon.eu\/ru\/toode\/postimoodul-300x300x100mm\/","url":"https:\/\/trendbetoon.eu\/ru\/toode\/postimoodul-300x300x100mm\/","name":"Postimoodul 300x300x100mm | Trendbetoon","isPartOf":{"@id":"https:\/\/trendbetoon.eu\/ru\/#website"},"primaryImageOfPage":{"@id":"https:\/\/trendbetoon.eu\/ru\/toode\/postimoodul-300x300x100mm\/#primaryimage"},"image":{"@id":"https:\/\/trendbetoon.eu\/toode\/postimoodul-300x300x100mm\/#primaryimage"},"thumbnailUrl":"https:\/\/trendbetoon.eu\/wp-content\/uploads\/2021\/08\/postimoodulid_300x300_ruut_thumb.jpg","datePublished":"2021-08-04T08:24:47+00:00","dateModified":"2026-04-13T13:32:01+00:00","breadcrumb":{"@id":"https:\/\/trendbetoon.eu\/ru\/toode\/postimoodul-300x300x100mm\/#breadcrumb"},"inLanguage":"ru-RU","potentialAction":[{"@type":"ReadAction","target":[["https:\/\/trendbetoon.eu\/ru\/toode\/postimoodul-300x300x100mm\/"]]}]},{"@type":"ImageObject","inLanguage":"ru-RU","@id":"https:\/\/trendbetoon.eu\/ru\/toode\/postimoodul-300x300x100mm\/#primaryimage","url":"https:\/\/trendbetoon.eu\/wp-content\/uploads\/2021\/08\/postimoodulid_300x300_ruut_thumb.jpg","contentUrl":"https:\/\/trendbetoon.eu\/wp-content\/uploads\/2021\/08\/postimoodulid_300x300_ruut_thumb.jpg","width":300,"height":300},{"@type":"BreadcrumbList","@id":"https:\/\/trendbetoon.eu\/ru\/toode\/postimoodul-300x300x100mm\/#breadcrumb","itemListElement":[{"@type":"ListItem","position":1,"name":"Home","item":"https:\/\/trendbetoon.eu\/ru\/"},{"@type":"ListItem","position":2,"name":"Tooted","item":"https:\/\/trendbetoon.eu\/ru\/tooted\/"},{"@type":"ListItem","position":3,"name":"Postimoodul 300 x 300 x 100 mm"}]},{"@type":"WebSite","@id":"https:\/\/trendbetoon.eu\/ru\/#website","url":"https:\/\/trendbetoon.eu\/ru\/","name":"Trendbetoon","description":"","publisher":{"@id":"https:\/\/trendbetoon.eu\/ru\/#organization"},"potentialAction":[{"@type":"SearchAction","target":{"@type":"EntryPoint","urlTemplate":"https:\/\/trendbetoon.eu\/ru\/?s={search_term_string}"},"query-input":{"@type":"PropertyValueSpecification","valueRequired":true,"valueName":"search_term_string"}}],"inLanguage":"ru-RU"},{"@type":"Organization","@id":"https:\/\/trendbetoon.eu\/ru\/#organization","name":"Trendbetoon","url":"https:\/\/trendbetoon.eu\/ru\/","logo":{"@type":"ImageObject","inLanguage":"ru-RU","@id":"https:\/\/trendbetoon.eu\/ru\/#\/schema\/logo\/image\/","url":"https:\/\/trendbetoon.eu\/wp-content\/uploads\/2021\/07\/Trend_Logo_mobla.png","contentUrl":"https:\/\/trendbetoon.eu\/wp-content\/uploads\/2021\/07\/Trend_Logo_mobla.png","width":302,"height":47,"caption":"Trendbetoon"},"image":{"@id":"https:\/\/trendbetoon.eu\/ru\/#\/schema\/logo\/image\/"}}]}},"_links":{"self":[{"href":"https:\/\/trendbetoon.eu\/ru\/wp-json\/wp\/v2\/product\/747"}],"collection":[{"href":"https:\/\/trendbetoon.eu\/ru\/wp-json\/wp\/v2\/product"}],"about":[{"href":"https:\/\/trendbetoon.eu\/ru\/wp-json\/wp\/v2\/types\/product"}],"replies":[{"embeddable":true,"href":"https:\/\/trendbetoon.eu\/ru\/wp-json\/wp\/v2\/comments?post=747"}],"wp:featuredmedia":[{"embeddable":true,"href":"https:\/\/trendbetoon.eu\/ru\/wp-json\/wp\/v2\/media\/751"}],"wp:attachment":[{"href":"https:\/\/trendbetoon.eu\/ru\/wp-json\/wp\/v2\/media?parent=747"}],"wp:term":[{"taxonomy":"product_cat","embeddable":true,"href":"https:\/\/trendbetoon.eu\/ru\/wp-json\/wp\/v2\/product_cat?post=747"},{"taxonomy":"product_tag","embeddable":true,"href":"https:\/\/trendbetoon.eu\/ru\/wp-json\/wp\/v2\/product_tag?post=747"}],"curies":[{"name":"wp","href":"https:\/\/api.w.org\/{rel}","templated":true}]}}