{"id":1123,"date":"2022-10-24T19:58:57","date_gmt":"2022-10-24T16:58:57","guid":{"rendered":"https:\/\/trendbetoon.eu\/?post_type=product&#038;p=1123"},"modified":"2026-04-13T15:17:05","modified_gmt":"2026-04-13T12:17:05","slug":"trepiplaadid","status":"publish","type":"product","link":"https:\/\/trendbetoon.eu\/ru\/toode\/trepiplaadid\/","title":{"rendered":"(Eesti) Trepiplaadid"},"content":{"rendered":"","protected":false},"excerpt":{"rendered":"<p class=\"qtranxs-available-languages-message qtranxs-available-languages-message-ru\">\u0418\u0437\u0432\u0438\u043d\u0438\u0442\u0435, \u044d\u0442\u043e\u0442 \u0442\u0435\u043a\u0441\u0442 \u0434\u043e\u0441\u0442\u0443\u043f\u0435\u043d \u0442\u043e\u043b\u044c\u043a\u043e \u043d\u0430 &ldquo;<a href=\"https:\/\/trendbetoon.eu\/et\/wp-json\/wp\/v2\/product\/1123\" class=\"qtranxs-available-language-link qtranxs-available-language-link-et\" title=\"Eesti\">Eesti<\/a>&rdquo;.<\/p>\n","protected":false},"featured_media":1124,"comment_status":"closed","ping_status":"closed","template":"","meta":[],"product_cat":[84],"product_tag":[],"class_list":{"0":"post-1123","1":"product","2":"type-product","3":"status-publish","4":"has-post-thumbnail","6":"product_cat-trepiplaadid","8":"first","9":"onbackorder","10":"taxable","11":"shipping-taxable","12":"product-type-simple"},"yoast_head":"<!-- This site is optimized with the Yoast SEO plugin v23.6 - https:\/\/yoast.com\/wordpress\/plugins\/seo\/ -->\n<title>(Eesti) Trepiplaadid | Trendbetoon<\/title>\n<meta name=\"robots\" content=\"index, follow, max-snippet:-1, max-image-preview:large, max-video-preview:-1\" \/>\n<link rel=\"canonical\" href=\"https:\/\/trendbetoon.eu\/ru\/toode\/trepiplaadid\/\" \/>\n<meta property=\"og:locale\" content=\"ru_RU\" \/>\n<meta property=\"og:type\" content=\"article\" \/>\n<meta property=\"og:title\" content=\"(Eesti) Trepiplaadid | Trendbetoon\" \/>\n<meta property=\"og:description\" content=\"(Eesti) Valmistame eritellimusel erikujulisi trepiplaate, vastavalt tellija soovidele.  Valikus on pesubetoon, silebetoon, freesbetoon v\u00f5i lihvitud betoon.  V\u00e4rvivalikuna pakume beezi, halli, tumehalli, pruuni v\u00f5i punast v\u00e4rvitooni.\" \/>\n<meta property=\"og:url\" content=\"https:\/\/trendbetoon.eu\/ru\/toode\/trepiplaadid\/\" \/>\n<meta property=\"og:site_name\" content=\"Trendbetoon\" \/>\n<meta property=\"article:modified_time\" content=\"2026-04-13T12:17:05+00:00\" \/>\n<meta property=\"og:image\" content=\"https:\/\/trendbetoon.eu\/wp-content\/uploads\/2022\/10\/IMG_20180109_125946-scaled.jpg\" \/>\n\t<meta property=\"og:image:width\" content=\"1920\" \/>\n\t<meta property=\"og:image:height\" content=\"2560\" \/>\n\t<meta property=\"og:image:type\" content=\"image\/jpeg\" \/>\n<meta name=\"twitter:card\" content=\"summary_large_image\" \/>\n<meta name=\"twitter:label1\" content=\"\u041f\u0440\u0438\u043c\u0435\u0440\u043d\u043e\u0435 \u0432\u0440\u0435\u043c\u044f \u0434\u043b\u044f \u0447\u0442\u0435\u043d\u0438\u044f\" \/>\n\t<meta name=\"twitter:data1\" content=\"1 \u043c\u0438\u043d\u0443\u0442\u0430\" \/>\n<script type=\"application\/ld+json\" class=\"yoast-schema-graph\">{\"@context\":\"https:\/\/schema.org\",\"@graph\":[{\"@type\":\"WebPage\",\"@id\":\"https:\/\/trendbetoon.eu\/ru\/toode\/trepiplaadid\/\",\"url\":\"https:\/\/trendbetoon.eu\/ru\/toode\/trepiplaadid\/\",\"name\":\"(Eesti) Trepiplaadid | Trendbetoon\",\"isPartOf\":{\"@id\":\"https:\/\/trendbetoon.eu\/ru\/#website\"},\"primaryImageOfPage\":{\"@id\":\"https:\/\/trendbetoon.eu\/ru\/toode\/trepiplaadid\/#primaryimage\"},\"image\":{\"@id\":\"https:\/\/trendbetoon.eu\/toode\/trepiplaadid\/#primaryimage\"},\"thumbnailUrl\":\"https:\/\/trendbetoon.eu\/wp-content\/uploads\/2022\/10\/IMG_20180109_125946-scaled.jpg\",\"datePublished\":\"2022-10-24T16:58:57+00:00\",\"dateModified\":\"2026-04-13T12:17:05+00:00\",\"breadcrumb\":{\"@id\":\"https:\/\/trendbetoon.eu\/ru\/toode\/trepiplaadid\/#breadcrumb\"},\"inLanguage\":\"ru-RU\",\"potentialAction\":[{\"@type\":\"ReadAction\",\"target\":[[\"https:\/\/trendbetoon.eu\/ru\/toode\/trepiplaadid\/\"]]}]},{\"@type\":\"ImageObject\",\"inLanguage\":\"ru-RU\",\"@id\":\"https:\/\/trendbetoon.eu\/ru\/toode\/trepiplaadid\/#primaryimage\",\"url\":\"https:\/\/trendbetoon.eu\/wp-content\/uploads\/2022\/10\/IMG_20180109_125946-scaled.jpg\",\"contentUrl\":\"https:\/\/trendbetoon.eu\/wp-content\/uploads\/2022\/10\/IMG_20180109_125946-scaled.jpg\",\"width\":1920,\"height\":2560,\"caption\":\"dav\"},{\"@type\":\"BreadcrumbList\",\"@id\":\"https:\/\/trendbetoon.eu\/ru\/toode\/trepiplaadid\/#breadcrumb\",\"itemListElement\":[{\"@type\":\"ListItem\",\"position\":1,\"name\":\"Home\",\"item\":\"https:\/\/trendbetoon.eu\/ru\/\"},{\"@type\":\"ListItem\",\"position\":2,\"name\":\"Tooted\",\"item\":\"https:\/\/trendbetoon.eu\/ru\/tooted\/\"},{\"@type\":\"ListItem\",\"position\":3,\"name\":\"Trepiplaadid\"}]},{\"@type\":\"WebSite\",\"@id\":\"https:\/\/trendbetoon.eu\/ru\/#website\",\"url\":\"https:\/\/trendbetoon.eu\/ru\/\",\"name\":\"Trendbetoon\",\"description\":\"\",\"publisher\":{\"@id\":\"https:\/\/trendbetoon.eu\/ru\/#organization\"},\"potentialAction\":[{\"@type\":\"SearchAction\",\"target\":{\"@type\":\"EntryPoint\",\"urlTemplate\":\"https:\/\/trendbetoon.eu\/ru\/?s={search_term_string}\"},\"query-input\":{\"@type\":\"PropertyValueSpecification\",\"valueRequired\":true,\"valueName\":\"search_term_string\"}}],\"inLanguage\":\"ru-RU\"},{\"@type\":\"Organization\",\"@id\":\"https:\/\/trendbetoon.eu\/ru\/#organization\",\"name\":\"Trendbetoon\",\"url\":\"https:\/\/trendbetoon.eu\/ru\/\",\"logo\":{\"@type\":\"ImageObject\",\"inLanguage\":\"ru-RU\",\"@id\":\"https:\/\/trendbetoon.eu\/ru\/#\/schema\/logo\/image\/\",\"url\":\"https:\/\/trendbetoon.eu\/wp-content\/uploads\/2021\/07\/Trend_Logo_mobla.png\",\"contentUrl\":\"https:\/\/trendbetoon.eu\/wp-content\/uploads\/2021\/07\/Trend_Logo_mobla.png\",\"width\":302,\"height\":47,\"caption\":\"Trendbetoon\"},\"image\":{\"@id\":\"https:\/\/trendbetoon.eu\/ru\/#\/schema\/logo\/image\/\"}}]}<\/script>\n<!-- \/ Yoast SEO plugin. -->","yoast_head_json":{"title":"(Eesti) Trepiplaadid | Trendbetoon","robots":{"index":"index","follow":"follow","max-snippet":"max-snippet:-1","max-image-preview":"max-image-preview:large","max-video-preview":"max-video-preview:-1"},"canonical":"https:\/\/trendbetoon.eu\/ru\/toode\/trepiplaadid\/","og_locale":"ru_RU","og_type":"article","og_title":"(Eesti) Trepiplaadid | Trendbetoon","og_description":"(Eesti) Valmistame eritellimusel erikujulisi trepiplaate, vastavalt tellija soovidele.  Valikus on pesubetoon, silebetoon, freesbetoon v\u00f5i lihvitud betoon.  V\u00e4rvivalikuna pakume beezi, halli, tumehalli, pruuni v\u00f5i punast v\u00e4rvitooni.","og_url":"https:\/\/trendbetoon.eu\/ru\/toode\/trepiplaadid\/","og_site_name":"Trendbetoon","article_modified_time":"2026-04-13T12:17:05+00:00","og_image":[{"width":1920,"height":2560,"url":"https:\/\/trendbetoon.eu\/wp-content\/uploads\/2022\/10\/IMG_20180109_125946-scaled.jpg","type":"image\/jpeg"}],"twitter_card":"summary_large_image","twitter_misc":{"\u041f\u0440\u0438\u043c\u0435\u0440\u043d\u043e\u0435 \u0432\u0440\u0435\u043c\u044f \u0434\u043b\u044f \u0447\u0442\u0435\u043d\u0438\u044f":"1 \u043c\u0438\u043d\u0443\u0442\u0430"},"schema":{"@context":"https:\/\/schema.org","@graph":[{"@type":"WebPage","@id":"https:\/\/trendbetoon.eu\/ru\/toode\/trepiplaadid\/","url":"https:\/\/trendbetoon.eu\/ru\/toode\/trepiplaadid\/","name":"(Eesti) Trepiplaadid | Trendbetoon","isPartOf":{"@id":"https:\/\/trendbetoon.eu\/ru\/#website"},"primaryImageOfPage":{"@id":"https:\/\/trendbetoon.eu\/ru\/toode\/trepiplaadid\/#primaryimage"},"image":{"@id":"https:\/\/trendbetoon.eu\/toode\/trepiplaadid\/#primaryimage"},"thumbnailUrl":"https:\/\/trendbetoon.eu\/wp-content\/uploads\/2022\/10\/IMG_20180109_125946-scaled.jpg","datePublished":"2022-10-24T16:58:57+00:00","dateModified":"2026-04-13T12:17:05+00:00","breadcrumb":{"@id":"https:\/\/trendbetoon.eu\/ru\/toode\/trepiplaadid\/#breadcrumb"},"inLanguage":"ru-RU","potentialAction":[{"@type":"ReadAction","target":[["https:\/\/trendbetoon.eu\/ru\/toode\/trepiplaadid\/"]]}]},{"@type":"ImageObject","inLanguage":"ru-RU","@id":"https:\/\/trendbetoon.eu\/ru\/toode\/trepiplaadid\/#primaryimage","url":"https:\/\/trendbetoon.eu\/wp-content\/uploads\/2022\/10\/IMG_20180109_125946-scaled.jpg","contentUrl":"https:\/\/trendbetoon.eu\/wp-content\/uploads\/2022\/10\/IMG_20180109_125946-scaled.jpg","width":1920,"height":2560,"caption":"dav"},{"@type":"BreadcrumbList","@id":"https:\/\/trendbetoon.eu\/ru\/toode\/trepiplaadid\/#breadcrumb","itemListElement":[{"@type":"ListItem","position":1,"name":"Home","item":"https:\/\/trendbetoon.eu\/ru\/"},{"@type":"ListItem","position":2,"name":"Tooted","item":"https:\/\/trendbetoon.eu\/ru\/tooted\/"},{"@type":"ListItem","position":3,"name":"Trepiplaadid"}]},{"@type":"WebSite","@id":"https:\/\/trendbetoon.eu\/ru\/#website","url":"https:\/\/trendbetoon.eu\/ru\/","name":"Trendbetoon","description":"","publisher":{"@id":"https:\/\/trendbetoon.eu\/ru\/#organization"},"potentialAction":[{"@type":"SearchAction","target":{"@type":"EntryPoint","urlTemplate":"https:\/\/trendbetoon.eu\/ru\/?s={search_term_string}"},"query-input":{"@type":"PropertyValueSpecification","valueRequired":true,"valueName":"search_term_string"}}],"inLanguage":"ru-RU"},{"@type":"Organization","@id":"https:\/\/trendbetoon.eu\/ru\/#organization","name":"Trendbetoon","url":"https:\/\/trendbetoon.eu\/ru\/","logo":{"@type":"ImageObject","inLanguage":"ru-RU","@id":"https:\/\/trendbetoon.eu\/ru\/#\/schema\/logo\/image\/","url":"https:\/\/trendbetoon.eu\/wp-content\/uploads\/2021\/07\/Trend_Logo_mobla.png","contentUrl":"https:\/\/trendbetoon.eu\/wp-content\/uploads\/2021\/07\/Trend_Logo_mobla.png","width":302,"height":47,"caption":"Trendbetoon"},"image":{"@id":"https:\/\/trendbetoon.eu\/ru\/#\/schema\/logo\/image\/"}}]}},"_links":{"self":[{"href":"https:\/\/trendbetoon.eu\/ru\/wp-json\/wp\/v2\/product\/1123"}],"collection":[{"href":"https:\/\/trendbetoon.eu\/ru\/wp-json\/wp\/v2\/product"}],"about":[{"href":"https:\/\/trendbetoon.eu\/ru\/wp-json\/wp\/v2\/types\/product"}],"replies":[{"embeddable":true,"href":"https:\/\/trendbetoon.eu\/ru\/wp-json\/wp\/v2\/comments?post=1123"}],"wp:featuredmedia":[{"embeddable":true,"href":"https:\/\/trendbetoon.eu\/ru\/wp-json\/wp\/v2\/media\/1124"}],"wp:attachment":[{"href":"https:\/\/trendbetoon.eu\/ru\/wp-json\/wp\/v2\/media?parent=1123"}],"wp:term":[{"taxonomy":"product_cat","embeddable":true,"href":"https:\/\/trendbetoon.eu\/ru\/wp-json\/wp\/v2\/product_cat?post=1123"},{"taxonomy":"product_tag","embeddable":true,"href":"https:\/\/trendbetoon.eu\/ru\/wp-json\/wp\/v2\/product_tag?post=1123"}],"curies":[{"name":"wp","href":"https:\/\/api.w.org\/{rel}","templated":true}]}}