{"id":698,"date":"2021-08-04T09:23:21","date_gmt":"2021-08-04T06:23:21","guid":{"rendered":"http:\/\/trendbetoon.eu\/trend\/?page_id=698"},"modified":"2021-08-04T09:23:21","modified_gmt":"2021-08-04T06:23:21","slug":"lisandid","status":"publish","type":"page","link":"https:\/\/trendbetoon.eu\/ru\/lisandid\/","title":{"rendered":"Lisandid"},"content":{"rendered":"<div class=\"wpb-content-wrapper\"><p>[vc_row][vc_column][vc_column_text woodmart_inline=&#187;no&#187; text_larger=&#187;no&#187;]<\/p>\n<ul>\n<li>Plastifikaatorid \u2013 v\u00e4hendavad betoonisegu veevajadust<\/li>\n<li>Superplastifikaatorid \u2013 suurel m\u00e4\u00e4ral veevajadust v\u00e4hendavad lisandid<\/li>\n<li>\u00d5hku sisseviivad lisandid \u2013 annavad betoonile suurema k\u00fclmakindluse<\/li>\n<li>Veehoidvust t\u00f5stvad lisandid \u2013 parandavad betooni p\u00fcsivust vee ja agressiivse keskkonna suhtes<\/li>\n<li>Tardumist kiirendavad ja aeglustavad lisandid \u2013 v\u00f5imaldavad t\u00f6\u00f6de teostamisel reguleerida tardumisprotsessi<\/li>\n<li>Kivinemist kiirendavad lisandid \u2013 v\u00f5imaldavad suhteliselt madala temperatuuri juures kiiremini suurendada betooni tugevust<\/li>\n<li>Tardumist aeglustavad lisandid \u2013 kasutatakse betooni transpordil pikkade vahemaade ja kuuma ilma korral<\/li>\n<\/ul>\n<p>Peenlisand on mineraalne peenmaterjal, mida kasutatakse betooni teatud omaduste parandamiseks v\u00f5i eriomaduste saavutamiseks.[\/vc_column_text][\/vc_column][\/vc_row]<\/p>\n<\/div>","protected":false},"excerpt":{"rendered":"<p>[vc_row][vc_column][vc_column_text woodmart_inline=&#187;no&#187; text_larger=&#187;no&#187;] Plastifikaatorid \u2013 v\u00e4hendavad betoonisegu veevajadust Superplastifikaatorid \u2013 suurel m\u00e4\u00e4ral veevajadust v\u00e4hendavad lisandid \u00d5hku sisseviivad lisandid \u2013 annavad<\/p>\n","protected":false},"author":2,"featured_media":0,"parent":0,"menu_order":0,"comment_status":"closed","ping_status":"closed","template":"","meta":{"footnotes":""},"class_list":["post-698","page","type-page","status-publish","hentry"],"yoast_head":"<!-- This site is optimized with the Yoast SEO plugin v23.6 - https:\/\/yoast.com\/wordpress\/plugins\/seo\/ -->\n<title>Lisandid | Trendbetoon<\/title>\n<meta name=\"robots\" content=\"index, follow, max-snippet:-1, max-image-preview:large, max-video-preview:-1\" \/>\n<link rel=\"canonical\" href=\"https:\/\/trendbetoon.eu\/ru\/lisandid\/\" \/>\n<meta property=\"og:locale\" content=\"ru_RU\" \/>\n<meta property=\"og:type\" content=\"article\" \/>\n<meta property=\"og:title\" content=\"Lisandid | Trendbetoon\" \/>\n<meta property=\"og:description\" content=\"[vc_row][vc_column][vc_column_text woodmart_inline=&#187;no&#187; text_larger=&#187;no&#187;] Plastifikaatorid \u2013 v\u00e4hendavad betoonisegu veevajadust Superplastifikaatorid \u2013 suurel m\u00e4\u00e4ral veevajadust v\u00e4hendavad lisandid \u00d5hku sisseviivad lisandid \u2013 annavad\" \/>\n<meta property=\"og:url\" content=\"https:\/\/trendbetoon.eu\/ru\/lisandid\/\" \/>\n<meta property=\"og:site_name\" content=\"Trendbetoon\" \/>\n<meta name=\"twitter:card\" content=\"summary_large_image\" \/>\n<meta name=\"twitter:label1\" content=\"\u041f\u0440\u0438\u043c\u0435\u0440\u043d\u043e\u0435 \u0432\u0440\u0435\u043c\u044f \u0434\u043b\u044f \u0447\u0442\u0435\u043d\u0438\u044f\" \/>\n\t<meta name=\"twitter:data1\" content=\"1 \u043c\u0438\u043d\u0443\u0442\u0430\" \/>\n<script type=\"application\/ld+json\" class=\"yoast-schema-graph\">{\"@context\":\"https:\/\/schema.org\",\"@graph\":[{\"@type\":\"WebPage\",\"@id\":\"https:\/\/trendbetoon.eu\/ru\/lisandid\/\",\"url\":\"https:\/\/trendbetoon.eu\/ru\/lisandid\/\",\"name\":\"Lisandid | Trendbetoon\",\"isPartOf\":{\"@id\":\"https:\/\/trendbetoon.eu\/ru\/#website\"},\"datePublished\":\"2021-08-04T06:23:21+00:00\",\"dateModified\":\"2021-08-04T06:23:21+00:00\",\"breadcrumb\":{\"@id\":\"https:\/\/trendbetoon.eu\/ru\/lisandid\/#breadcrumb\"},\"inLanguage\":\"ru-RU\",\"potentialAction\":[{\"@type\":\"ReadAction\",\"target\":[[\"https:\/\/trendbetoon.eu\/ru\/lisandid\/\"]]}]},{\"@type\":\"BreadcrumbList\",\"@id\":\"https:\/\/trendbetoon.eu\/ru\/lisandid\/#breadcrumb\",\"itemListElement\":[{\"@type\":\"ListItem\",\"position\":1,\"name\":\"Home\",\"item\":\"https:\/\/trendbetoon.eu\/ru\/\"},{\"@type\":\"ListItem\",\"position\":2,\"name\":\"Lisandid\"}]},{\"@type\":\"WebSite\",\"@id\":\"https:\/\/trendbetoon.eu\/ru\/#website\",\"url\":\"https:\/\/trendbetoon.eu\/ru\/\",\"name\":\"Trendbetoon\",\"description\":\"\",\"publisher\":{\"@id\":\"https:\/\/trendbetoon.eu\/ru\/#organization\"},\"potentialAction\":[{\"@type\":\"SearchAction\",\"target\":{\"@type\":\"EntryPoint\",\"urlTemplate\":\"https:\/\/trendbetoon.eu\/ru\/?s={search_term_string}\"},\"query-input\":{\"@type\":\"PropertyValueSpecification\",\"valueRequired\":true,\"valueName\":\"search_term_string\"}}],\"inLanguage\":\"ru-RU\"},{\"@type\":\"Organization\",\"@id\":\"https:\/\/trendbetoon.eu\/ru\/#organization\",\"name\":\"Trendbetoon\",\"url\":\"https:\/\/trendbetoon.eu\/ru\/\",\"logo\":{\"@type\":\"ImageObject\",\"inLanguage\":\"ru-RU\",\"@id\":\"https:\/\/trendbetoon.eu\/ru\/#\/schema\/logo\/image\/\",\"url\":\"https:\/\/trendbetoon.eu\/wp-content\/uploads\/2021\/07\/Trend_Logo_mobla.png\",\"contentUrl\":\"https:\/\/trendbetoon.eu\/wp-content\/uploads\/2021\/07\/Trend_Logo_mobla.png\",\"width\":302,\"height\":47,\"caption\":\"Trendbetoon\"},\"image\":{\"@id\":\"https:\/\/trendbetoon.eu\/ru\/#\/schema\/logo\/image\/\"}}]}<\/script>\n<!-- \/ Yoast SEO plugin. -->","yoast_head_json":{"title":"Lisandid | Trendbetoon","robots":{"index":"index","follow":"follow","max-snippet":"max-snippet:-1","max-image-preview":"max-image-preview:large","max-video-preview":"max-video-preview:-1"},"canonical":"https:\/\/trendbetoon.eu\/ru\/lisandid\/","og_locale":"ru_RU","og_type":"article","og_title":"Lisandid | Trendbetoon","og_description":"[vc_row][vc_column][vc_column_text woodmart_inline=&#187;no&#187; text_larger=&#187;no&#187;] Plastifikaatorid \u2013 v\u00e4hendavad betoonisegu veevajadust Superplastifikaatorid \u2013 suurel m\u00e4\u00e4ral veevajadust v\u00e4hendavad lisandid \u00d5hku sisseviivad lisandid \u2013 annavad","og_url":"https:\/\/trendbetoon.eu\/ru\/lisandid\/","og_site_name":"Trendbetoon","twitter_card":"summary_large_image","twitter_misc":{"\u041f\u0440\u0438\u043c\u0435\u0440\u043d\u043e\u0435 \u0432\u0440\u0435\u043c\u044f \u0434\u043b\u044f \u0447\u0442\u0435\u043d\u0438\u044f":"1 \u043c\u0438\u043d\u0443\u0442\u0430"},"schema":{"@context":"https:\/\/schema.org","@graph":[{"@type":"WebPage","@id":"https:\/\/trendbetoon.eu\/ru\/lisandid\/","url":"https:\/\/trendbetoon.eu\/ru\/lisandid\/","name":"Lisandid | Trendbetoon","isPartOf":{"@id":"https:\/\/trendbetoon.eu\/ru\/#website"},"datePublished":"2021-08-04T06:23:21+00:00","dateModified":"2021-08-04T06:23:21+00:00","breadcrumb":{"@id":"https:\/\/trendbetoon.eu\/ru\/lisandid\/#breadcrumb"},"inLanguage":"ru-RU","potentialAction":[{"@type":"ReadAction","target":[["https:\/\/trendbetoon.eu\/ru\/lisandid\/"]]}]},{"@type":"BreadcrumbList","@id":"https:\/\/trendbetoon.eu\/ru\/lisandid\/#breadcrumb","itemListElement":[{"@type":"ListItem","position":1,"name":"Home","item":"https:\/\/trendbetoon.eu\/ru\/"},{"@type":"ListItem","position":2,"name":"Lisandid"}]},{"@type":"WebSite","@id":"https:\/\/trendbetoon.eu\/ru\/#website","url":"https:\/\/trendbetoon.eu\/ru\/","name":"Trendbetoon","description":"","publisher":{"@id":"https:\/\/trendbetoon.eu\/ru\/#organization"},"potentialAction":[{"@type":"SearchAction","target":{"@type":"EntryPoint","urlTemplate":"https:\/\/trendbetoon.eu\/ru\/?s={search_term_string}"},"query-input":{"@type":"PropertyValueSpecification","valueRequired":true,"valueName":"search_term_string"}}],"inLanguage":"ru-RU"},{"@type":"Organization","@id":"https:\/\/trendbetoon.eu\/ru\/#organization","name":"Trendbetoon","url":"https:\/\/trendbetoon.eu\/ru\/","logo":{"@type":"ImageObject","inLanguage":"ru-RU","@id":"https:\/\/trendbetoon.eu\/ru\/#\/schema\/logo\/image\/","url":"https:\/\/trendbetoon.eu\/wp-content\/uploads\/2021\/07\/Trend_Logo_mobla.png","contentUrl":"https:\/\/trendbetoon.eu\/wp-content\/uploads\/2021\/07\/Trend_Logo_mobla.png","width":302,"height":47,"caption":"Trendbetoon"},"image":{"@id":"https:\/\/trendbetoon.eu\/ru\/#\/schema\/logo\/image\/"}}]}},"_links":{"self":[{"href":"https:\/\/trendbetoon.eu\/ru\/wp-json\/wp\/v2\/pages\/698"}],"collection":[{"href":"https:\/\/trendbetoon.eu\/ru\/wp-json\/wp\/v2\/pages"}],"about":[{"href":"https:\/\/trendbetoon.eu\/ru\/wp-json\/wp\/v2\/types\/page"}],"author":[{"embeddable":true,"href":"https:\/\/trendbetoon.eu\/ru\/wp-json\/wp\/v2\/users\/2"}],"replies":[{"embeddable":true,"href":"https:\/\/trendbetoon.eu\/ru\/wp-json\/wp\/v2\/comments?post=698"}],"version-history":[{"count":1,"href":"https:\/\/trendbetoon.eu\/ru\/wp-json\/wp\/v2\/pages\/698\/revisions"}],"predecessor-version":[{"id":699,"href":"https:\/\/trendbetoon.eu\/ru\/wp-json\/wp\/v2\/pages\/698\/revisions\/699"}],"wp:attachment":[{"href":"https:\/\/trendbetoon.eu\/ru\/wp-json\/wp\/v2\/media?parent=698"}],"curies":[{"name":"wp","href":"https:\/\/api.w.org\/{rel}","templated":true}]}}