{"id":693,"date":"2021-08-04T09:15:23","date_gmt":"2021-08-04T06:15:23","guid":{"rendered":"http:\/\/trendbetoon.eu\/trend\/?page_id=693"},"modified":"2021-08-04T09:15:23","modified_gmt":"2021-08-04T06:15:23","slug":"sertifikaadid","status":"publish","type":"page","link":"https:\/\/trendbetoon.eu\/ru\/sertifikaadid\/","title":{"rendered":"Sertifikaadid"},"content":{"rendered":"<div class=\"wpb-content-wrapper\"><p>[vc_row][vc_column][vc_column_text woodmart_inline=&#187;no&#187; text_larger=&#187;no&#187;]Meie valmistatud toode vastab \u00fcldjuhtudel j\u00e4rgnevatele parameetritele. Olenevalt elemendi otstarbest v\u00f5ib koostis muutuda.<\/p>\n<p>Toode on j\u00e4rgmiste parameetritega:<\/p>\n<p>1.Survetugevus N,mm2 &gt; Mpa 45,standard EVS-EN 12390-3:2009<\/p>\n<p>2.Betooniklass C35\/45,standard EVS-EN 206-1:2007<\/p>\n<p>3.K\u00fclmakindlusklass 3 D,standard EVS-EN 1338<\/p>\n<p>4.Kulumiskindlus &gt; LA 20<\/p>\n<p>5.Lubatud h\u00e4lbed (+ \u2013 ) mm<\/p>\n<p>pikkus 10 mm<\/p>\n<p>laius 10 mm<\/p>\n<p>k\u00f5rgus 5 mm<\/p>\n<p>Kasutame allj\u00e4rgnevaid toormaterjale:<\/p>\n<p>1.Graniit killustik \u2013 hall ,frakts.2-8 mm \u2013 toode vastab normdokumendile EVS-EN 12620; tootmisohjesertifikaat nr: 0416-CPD-0013\/SFS)<\/p>\n<p>2.Liiv \u2013 kvarts,frakts.0\/4 \u2013 toode vastab normdokumendile EVS EN<\/p>\n<p>12620:2003;tootmisohjesertifikaat nr.1403-CPD-0001)<\/p>\n<p>3.Portlandtsement- hall,CEM I 52,5 N \u2013 toode vastab normdokumendile<\/p>\n<p>EVS-EN 197-1:2002; E\u00dc \u2013 vastavussertificaat 1504-CPD-022\/05<\/p>\n<p><strong>Tootele kehtib garantii: kaks aastat<\/strong>[\/vc_column_text][\/vc_column][\/vc_row]<\/p>\n<\/div>","protected":false},"excerpt":{"rendered":"<p>[vc_row][vc_column][vc_column_text woodmart_inline=&#187;no&#187; text_larger=&#187;no&#187;]Meie valmistatud toode vastab \u00fcldjuhtudel j\u00e4rgnevatele parameetritele. Olenevalt elemendi otstarbest v\u00f5ib koostis muutuda. Toode on j\u00e4rgmiste parameetritega: 1.Survetugevus<\/p>\n","protected":false},"author":2,"featured_media":0,"parent":0,"menu_order":0,"comment_status":"closed","ping_status":"closed","template":"","meta":{"footnotes":""},"class_list":["post-693","page","type-page","status-publish","hentry"],"yoast_head":"<!-- This site is optimized with the Yoast SEO plugin v23.6 - https:\/\/yoast.com\/wordpress\/plugins\/seo\/ -->\n<title>Sertifikaadid | Trendbetoon<\/title>\n<meta name=\"robots\" content=\"index, follow, max-snippet:-1, max-image-preview:large, max-video-preview:-1\" \/>\n<link rel=\"canonical\" href=\"https:\/\/trendbetoon.eu\/ru\/sertifikaadid\/\" \/>\n<meta property=\"og:locale\" content=\"ru_RU\" \/>\n<meta property=\"og:type\" content=\"article\" \/>\n<meta property=\"og:title\" content=\"Sertifikaadid | Trendbetoon\" \/>\n<meta property=\"og:description\" content=\"[vc_row][vc_column][vc_column_text woodmart_inline=&#187;no&#187; text_larger=&#187;no&#187;]Meie valmistatud toode vastab \u00fcldjuhtudel j\u00e4rgnevatele parameetritele. Olenevalt elemendi otstarbest v\u00f5ib koostis muutuda. Toode on j\u00e4rgmiste parameetritega: 1.Survetugevus\" \/>\n<meta property=\"og:url\" content=\"https:\/\/trendbetoon.eu\/ru\/sertifikaadid\/\" \/>\n<meta property=\"og:site_name\" content=\"Trendbetoon\" \/>\n<meta name=\"twitter:card\" content=\"summary_large_image\" \/>\n<meta name=\"twitter:label1\" content=\"\u041f\u0440\u0438\u043c\u0435\u0440\u043d\u043e\u0435 \u0432\u0440\u0435\u043c\u044f \u0434\u043b\u044f \u0447\u0442\u0435\u043d\u0438\u044f\" \/>\n\t<meta name=\"twitter:data1\" content=\"1 \u043c\u0438\u043d\u0443\u0442\u0430\" \/>\n<script type=\"application\/ld+json\" class=\"yoast-schema-graph\">{\"@context\":\"https:\/\/schema.org\",\"@graph\":[{\"@type\":\"WebPage\",\"@id\":\"https:\/\/trendbetoon.eu\/ru\/sertifikaadid\/\",\"url\":\"https:\/\/trendbetoon.eu\/ru\/sertifikaadid\/\",\"name\":\"Sertifikaadid | Trendbetoon\",\"isPartOf\":{\"@id\":\"https:\/\/trendbetoon.eu\/ru\/#website\"},\"datePublished\":\"2021-08-04T06:15:23+00:00\",\"dateModified\":\"2021-08-04T06:15:23+00:00\",\"breadcrumb\":{\"@id\":\"https:\/\/trendbetoon.eu\/ru\/sertifikaadid\/#breadcrumb\"},\"inLanguage\":\"ru-RU\",\"potentialAction\":[{\"@type\":\"ReadAction\",\"target\":[[\"https:\/\/trendbetoon.eu\/ru\/sertifikaadid\/\"]]}]},{\"@type\":\"BreadcrumbList\",\"@id\":\"https:\/\/trendbetoon.eu\/ru\/sertifikaadid\/#breadcrumb\",\"itemListElement\":[{\"@type\":\"ListItem\",\"position\":1,\"name\":\"Home\",\"item\":\"https:\/\/trendbetoon.eu\/ru\/\"},{\"@type\":\"ListItem\",\"position\":2,\"name\":\"Sertifikaadid\"}]},{\"@type\":\"WebSite\",\"@id\":\"https:\/\/trendbetoon.eu\/ru\/#website\",\"url\":\"https:\/\/trendbetoon.eu\/ru\/\",\"name\":\"Trendbetoon\",\"description\":\"\",\"publisher\":{\"@id\":\"https:\/\/trendbetoon.eu\/ru\/#organization\"},\"potentialAction\":[{\"@type\":\"SearchAction\",\"target\":{\"@type\":\"EntryPoint\",\"urlTemplate\":\"https:\/\/trendbetoon.eu\/ru\/?s={search_term_string}\"},\"query-input\":{\"@type\":\"PropertyValueSpecification\",\"valueRequired\":true,\"valueName\":\"search_term_string\"}}],\"inLanguage\":\"ru-RU\"},{\"@type\":\"Organization\",\"@id\":\"https:\/\/trendbetoon.eu\/ru\/#organization\",\"name\":\"Trendbetoon\",\"url\":\"https:\/\/trendbetoon.eu\/ru\/\",\"logo\":{\"@type\":\"ImageObject\",\"inLanguage\":\"ru-RU\",\"@id\":\"https:\/\/trendbetoon.eu\/ru\/#\/schema\/logo\/image\/\",\"url\":\"https:\/\/trendbetoon.eu\/wp-content\/uploads\/2021\/07\/Trend_Logo_mobla.png\",\"contentUrl\":\"https:\/\/trendbetoon.eu\/wp-content\/uploads\/2021\/07\/Trend_Logo_mobla.png\",\"width\":302,\"height\":47,\"caption\":\"Trendbetoon\"},\"image\":{\"@id\":\"https:\/\/trendbetoon.eu\/ru\/#\/schema\/logo\/image\/\"}}]}<\/script>\n<!-- \/ Yoast SEO plugin. -->","yoast_head_json":{"title":"Sertifikaadid | Trendbetoon","robots":{"index":"index","follow":"follow","max-snippet":"max-snippet:-1","max-image-preview":"max-image-preview:large","max-video-preview":"max-video-preview:-1"},"canonical":"https:\/\/trendbetoon.eu\/ru\/sertifikaadid\/","og_locale":"ru_RU","og_type":"article","og_title":"Sertifikaadid | Trendbetoon","og_description":"[vc_row][vc_column][vc_column_text woodmart_inline=&#187;no&#187; text_larger=&#187;no&#187;]Meie valmistatud toode vastab \u00fcldjuhtudel j\u00e4rgnevatele parameetritele. Olenevalt elemendi otstarbest v\u00f5ib koostis muutuda. Toode on j\u00e4rgmiste parameetritega: 1.Survetugevus","og_url":"https:\/\/trendbetoon.eu\/ru\/sertifikaadid\/","og_site_name":"Trendbetoon","twitter_card":"summary_large_image","twitter_misc":{"\u041f\u0440\u0438\u043c\u0435\u0440\u043d\u043e\u0435 \u0432\u0440\u0435\u043c\u044f \u0434\u043b\u044f \u0447\u0442\u0435\u043d\u0438\u044f":"1 \u043c\u0438\u043d\u0443\u0442\u0430"},"schema":{"@context":"https:\/\/schema.org","@graph":[{"@type":"WebPage","@id":"https:\/\/trendbetoon.eu\/ru\/sertifikaadid\/","url":"https:\/\/trendbetoon.eu\/ru\/sertifikaadid\/","name":"Sertifikaadid | Trendbetoon","isPartOf":{"@id":"https:\/\/trendbetoon.eu\/ru\/#website"},"datePublished":"2021-08-04T06:15:23+00:00","dateModified":"2021-08-04T06:15:23+00:00","breadcrumb":{"@id":"https:\/\/trendbetoon.eu\/ru\/sertifikaadid\/#breadcrumb"},"inLanguage":"ru-RU","potentialAction":[{"@type":"ReadAction","target":[["https:\/\/trendbetoon.eu\/ru\/sertifikaadid\/"]]}]},{"@type":"BreadcrumbList","@id":"https:\/\/trendbetoon.eu\/ru\/sertifikaadid\/#breadcrumb","itemListElement":[{"@type":"ListItem","position":1,"name":"Home","item":"https:\/\/trendbetoon.eu\/ru\/"},{"@type":"ListItem","position":2,"name":"Sertifikaadid"}]},{"@type":"WebSite","@id":"https:\/\/trendbetoon.eu\/ru\/#website","url":"https:\/\/trendbetoon.eu\/ru\/","name":"Trendbetoon","description":"","publisher":{"@id":"https:\/\/trendbetoon.eu\/ru\/#organization"},"potentialAction":[{"@type":"SearchAction","target":{"@type":"EntryPoint","urlTemplate":"https:\/\/trendbetoon.eu\/ru\/?s={search_term_string}"},"query-input":{"@type":"PropertyValueSpecification","valueRequired":true,"valueName":"search_term_string"}}],"inLanguage":"ru-RU"},{"@type":"Organization","@id":"https:\/\/trendbetoon.eu\/ru\/#organization","name":"Trendbetoon","url":"https:\/\/trendbetoon.eu\/ru\/","logo":{"@type":"ImageObject","inLanguage":"ru-RU","@id":"https:\/\/trendbetoon.eu\/ru\/#\/schema\/logo\/image\/","url":"https:\/\/trendbetoon.eu\/wp-content\/uploads\/2021\/07\/Trend_Logo_mobla.png","contentUrl":"https:\/\/trendbetoon.eu\/wp-content\/uploads\/2021\/07\/Trend_Logo_mobla.png","width":302,"height":47,"caption":"Trendbetoon"},"image":{"@id":"https:\/\/trendbetoon.eu\/ru\/#\/schema\/logo\/image\/"}}]}},"_links":{"self":[{"href":"https:\/\/trendbetoon.eu\/ru\/wp-json\/wp\/v2\/pages\/693"}],"collection":[{"href":"https:\/\/trendbetoon.eu\/ru\/wp-json\/wp\/v2\/pages"}],"about":[{"href":"https:\/\/trendbetoon.eu\/ru\/wp-json\/wp\/v2\/types\/page"}],"author":[{"embeddable":true,"href":"https:\/\/trendbetoon.eu\/ru\/wp-json\/wp\/v2\/users\/2"}],"replies":[{"embeddable":true,"href":"https:\/\/trendbetoon.eu\/ru\/wp-json\/wp\/v2\/comments?post=693"}],"version-history":[{"count":1,"href":"https:\/\/trendbetoon.eu\/ru\/wp-json\/wp\/v2\/pages\/693\/revisions"}],"predecessor-version":[{"id":694,"href":"https:\/\/trendbetoon.eu\/ru\/wp-json\/wp\/v2\/pages\/693\/revisions\/694"}],"wp:attachment":[{"href":"https:\/\/trendbetoon.eu\/ru\/wp-json\/wp\/v2\/media?parent=693"}],"curies":[{"name":"wp","href":"https:\/\/api.w.org\/{rel}","templated":true}]}}